{"id":12526,"date":"2022-07-31T18:45:15","date_gmt":"2022-07-31T16:45:20","guid":{"rendered":"https:\/\/www.fotofestivallenzburg.ch\/?post_type=product&#038;p=12526"},"modified":"2022-08-11T09:09:13","modified_gmt":"2022-08-11T07:09:13","slug":"portfolio-review-with-barbara-liebster","status":"publish","type":"product","link":"https:\/\/2022.fotofestivallenzburg.ch\/en\/produkt\/portfolio-review-with-barbara-liebster\/","title":{"rendered":"Portfolio-Review with Barbara Liebster"},"content":{"rendered":"<div class=\"\"><strong>Date: <\/strong>Saturday, August 27 2022<\/div>\n<div class=\"\"><strong>Place:<\/strong>\u00a0Stapferhaus, Lenzburg \u2013 <a href=\"https:\/\/www.google.com\/maps\/place\/Stapferhaus\/@47.3907229,8.1699927,15z\/data=!4m2!3m1!1s0x0:0x86380e4c27ec977e?sa=X&amp;ved=2ahUKEwjK1JeCr8rxAhVEg_0HHRMeCsQQ_BIwE3oECEQQBQ\" target=\"_blank\" rel=\"noopener\">Map<\/a><\/div>\n<hr \/>\n<div class=\"vc_col-sm-8 wpb_column column_container vc_column_container col no-extra-padding inherit_tablet inherit_phone \" data-padding-pos=\"all\" data-has-bg-color=\"false\" data-bg-color=\"\" data-bg-opacity=\"1\" data-animation=\"\" data-delay=\"0\">\n<div class=\"vc_column-inner\">\n<div class=\"wpb_wrapper\">\n<div class=\"wpb_text_column wpb_content_element \">\n<div class=\"wpb_wrapper\">\n<h3>Barbara Liebster<\/h3>\n<p>Author and curator<br \/>\nReviews in English and German<\/p>\n<p>After completing a Master\u2019s degree in German, English Literature and Art Studies at the University of Zurich, Barbara Liebster worked for five years as a radio play director and dramaturge at Radio SRF. Since 1990 she has worked as a freelance director at the Schauspielhaus, the Theater am Neumarkt and the Theaterhaus Gessnerallee in Zurich, at the R\u00e9cr\u00e9\u00e2trales in Ouagadougou\/Burkina Faso, in Germany and Austria and at the Alpodrom Theater Chur, among others, and as an author and radio play director for Deutschlandradio Kultur, NDR, SRF, SWR, ORF. Since 2005 she has increasingly devoted herself to the conception and design of exhibitions and spatial installations, as well as working as a curator. In 2021, together with Stephan Witschi, she set up the spatial installation Cabinet Carigiet at the Museum Sursilvan in Trun.<\/p>\n<\/div>\n<\/div>\n<\/div>\n<\/div>\n<\/div>\n<p>&nbsp;<\/p>\n<p>&nbsp;<\/p>\n<p>&nbsp;<\/p>\n","protected":false},"excerpt":{"rendered":"<p>Date: Saturday, August 27 2022 Place:\u00a0Stapferhaus, Lenzburg \u2013 Map Barbara Liebster Author and curator Reviews in English and German After completing a Master\u2019s degree in German, English Literature and Art&#8230;<\/p>\n","protected":false},"featured_media":12433,"template":"","meta":{"inline_featured_image":false},"product_cat":[76],"product_tag":[],"_links":{"self":[{"href":"https:\/\/2022.fotofestivallenzburg.ch\/en\/wp-json\/wp\/v2\/product\/12526"}],"collection":[{"href":"https:\/\/2022.fotofestivallenzburg.ch\/en\/wp-json\/wp\/v2\/product"}],"about":[{"href":"https:\/\/2022.fotofestivallenzburg.ch\/en\/wp-json\/wp\/v2\/types\/product"}],"wp:featuredmedia":[{"embeddable":true,"href":"https:\/\/2022.fotofestivallenzburg.ch\/en\/wp-json\/wp\/v2\/media\/12433"}],"wp:attachment":[{"href":"https:\/\/2022.fotofestivallenzburg.ch\/en\/wp-json\/wp\/v2\/media?parent=12526"}],"wp:term":[{"taxonomy":"product_cat","embeddable":true,"href":"https:\/\/2022.fotofestivallenzburg.ch\/en\/wp-json\/wp\/v2\/product_cat?post=12526"},{"taxonomy":"product_tag","embeddable":true,"href":"https:\/\/2022.fotofestivallenzburg.ch\/en\/wp-json\/wp\/v2\/product_tag?post=12526"}],"curies":[{"name":"wp","href":"https:\/\/api.w.org\/{rel}","templated":true}]}}