{"id":11267,"date":"2022-06-09T15:31:23","date_gmt":"2022-06-09T13:31:23","guid":{"rendered":"https:\/\/www.fotofestivallenzburg.ch\/?page_id=11267"},"modified":"2022-07-30T15:04:53","modified_gmt":"2022-07-30T13:04:53","slug":"collective-lunax","status":"publish","type":"page","link":"https:\/\/2022.fotofestivallenzburg.ch\/en\/collective-lunax\/","title":{"rendered":"Collective Lunax"},"content":{"rendered":"[vc_row type=&#8221;full_width_content&#8221; full_screen_row_position=&#8221;middle&#8221; column_margin=&#8221;default&#8221; column_direction=&#8221;default&#8221; column_direction_tablet=&#8221;default&#8221; column_direction_phone=&#8221;default&#8221; bg_image=&#8221;9267&#8243; bg_position=&#8221;center top&#8221; background_image_loading=&#8221;default&#8221; bg_repeat=&#8221;no-repeat&#8221; scene_position=&#8221;center&#8221; top_padding=&#8221;5%&#8221; text_color=&#8221;light&#8221; text_align=&#8221;left&#8221; row_border_radius=&#8221;none&#8221; row_border_radius_applies=&#8221;bg&#8221; disable_element=&#8221;yes&#8221; overlay_strength=&#8221;0.3&#8243; gradient_direction=&#8221;left_to_right&#8221; shape_divider_position=&#8221;bottom&#8221; bg_image_animation=&#8221;none&#8221; parallax_bg=&#8221;true&#8221; parallax_bg_speed=&#8221;fast&#8221; shape_type=&#8221;&#8221;][vc_column column_padding=&#8221;padding-7-percent&#8221; column_padding_tablet=&#8221;inherit&#8221; column_padding_phone=&#8221;inherit&#8221; column_padding_position=&#8221;all&#8221; column_element_spacing=&#8221;default&#8221; background_color_opacity=&#8221;1&#8243; background_hover_color_opacity=&#8221;1&#8243; column_shadow=&#8221;none&#8221; column_border_radius=&#8221;none&#8221; column_link_target=&#8221;_self&#8221; gradient_direction=&#8221;left_to_right&#8221; overlay_strength=&#8221;0.3&#8243; width=&#8221;1\/2&#8243; tablet_width_inherit=&#8221;default&#8221; tablet_text_alignment=&#8221;default&#8221; phone_text_alignment=&#8221;default&#8221; bg_image_animation=&#8221;none&#8221; border_type=&#8221;simple&#8221; column_border_width=&#8221;none&#8221; column_border_style=&#8221;solid&#8221;][divider line_type=&#8221;No Line&#8221; custom_height=&#8221;500&#8243;][\/vc_column][vc_column column_padding=&#8221;padding-7-percent&#8221; column_padding_tablet=&#8221;inherit&#8221; column_padding_phone=&#8221;inherit&#8221; column_padding_position=&#8221;all&#8221; column_element_spacing=&#8221;default&#8221; background_color_opacity=&#8221;1&#8243; background_hover_color_opacity=&#8221;1&#8243; column_shadow=&#8221;none&#8221; column_border_radius=&#8221;none&#8221; column_link_target=&#8221;_self&#8221; gradient_direction=&#8221;left_to_right&#8221; overlay_strength=&#8221;0.3&#8243; width=&#8221;1\/2&#8243; tablet_width_inherit=&#8221;default&#8221; tablet_text_alignment=&#8221;default&#8221; phone_text_alignment=&#8221;default&#8221; bg_image_animation=&#8221;none&#8221; border_type=&#8221;simple&#8221; column_border_width=&#8221;none&#8221; column_border_style=&#8221;solid&#8221;][\/vc_column][\/vc_row][vc_row type=&#8221;full_width_background&#8221; full_screen_row_position=&#8221;middle&#8221; column_margin=&#8221;default&#8221; column_direction=&#8221;default&#8221; column_direction_tablet=&#8221;default&#8221; column_direction_phone=&#8221;default&#8221; scene_position=&#8221;center&#8221; bottom_padding=&#8221;5%&#8221; text_color=&#8221;dark&#8221; text_align=&#8221;left&#8221; row_border_radius=&#8221;none&#8221; row_border_radius_applies=&#8221;bg&#8221; overlay_strength=&#8221;0.3&#8243; gradient_direction=&#8221;left_to_right&#8221; shape_divider_position=&#8221;bottom&#8221; bg_image_animation=&#8221;none&#8221; shape_type=&#8221;&#8221;][vc_column column_padding=&#8221;no-extra-padding&#8221; column_padding_tablet=&#8221;inherit&#8221; column_padding_phone=&#8221;inherit&#8221; column_padding_position=&#8221;all&#8221; column_element_spacing=&#8221;default&#8221; background_color_opacity=&#8221;1&#8243; background_hover_color_opacity=&#8221;1&#8243; column_shadow=&#8221;none&#8221; column_border_radius=&#8221;none&#8221; column_link_target=&#8221;_self&#8221; gradient_direction=&#8221;left_to_right&#8221; overlay_strength=&#8221;0.3&#8243; width=&#8221;1\/1&#8243; tablet_width_inherit=&#8221;default&#8221; tablet_text_alignment=&#8221;default&#8221; phone_text_alignment=&#8221;default&#8221; bg_image_animation=&#8221;none&#8221; border_type=&#8221;simple&#8221; column_border_width=&#8221;none&#8221; column_border_style=&#8221;solid&#8221;][vc_row_inner column_margin=&#8221;default&#8221; column_direction=&#8221;default&#8221; column_direction_tablet=&#8221;default&#8221; column_direction_phone=&#8221;default&#8221; text_align=&#8221;left&#8221;][vc_column_inner column_padding=&#8221;no-extra-padding&#8221; column_padding_tablet=&#8221;inherit&#8221; column_padding_phone=&#8221;inherit&#8221; column_padding_position=&#8221;all&#8221; column_element_spacing=&#8221;default&#8221; background_color_opacity=&#8221;1&#8243; background_hover_color_opacity=&#8221;1&#8243; column_shadow=&#8221;none&#8221; column_border_radius=&#8221;none&#8221; column_link_target=&#8221;_self&#8221; gradient_direction=&#8221;left_to_right&#8221; overlay_strength=&#8221;0.3&#8243; width=&#8221;1\/1&#8243; tablet_width_inherit=&#8221;default&#8221; bg_image_animation=&#8221;none&#8221; enable_animation=&#8221;true&#8221; animation=&#8221;fade-in-from-bottom&#8221; border_type=&#8221;simple&#8221; column_border_width=&#8221;none&#8221; column_border_style=&#8221;solid&#8221;][divider line_type=&#8221;No Line&#8221; custom_height=&#8221;60&#8243;][vc_column_text]\n<h2><strong>LUNAX Collective<br \/>\n&#8220;Und jetzt? &#8211; LUNAX im Klimawandel&#8221;<\/strong><\/h2>\n<p>Venue:<a href=\"https:\/\/www.stadtmuseum.ch\/\"> Stadtmuseum Aarau<\/a><strong><br \/>\n<\/strong>[\/vc_column_text][divider line_type=&#8221;No Line&#8221; custom_height=&#8221;30&#8243;][vc_column_text]LUNAX is a Swiss photography agency based in Zurich. The 15 freelance photographers who make up the collective live and work in the cantons of St. Gallen, Basel, Bern, Glarus, Zug and Zurich. The agency was founded in 2016 as a non-profit association and is committed to independent author photography.<\/p>\n<p>The photographers work for media houses throughout Switzerland, for NGOs, cultural institutions, universities and federal offices. LUNAX is committed to visual storytelling at a high level, the picture authors implement visual projects sensitively, creatively and precisely.<\/p>\n<p><strong>The project &#8220;Und jetzt? &#8211; LUNAX im Klimawandel&#8221;<\/strong><\/p>\n<p>Since spring 2021, 13 members of the collective have been working on a large-scale joint project on the subject of climate change. 13 different positions became 13 impressive works that are printed in the form of a newspaper and shown in various exhibition formats. Each member of the agency created an individual concept for the \u201cLUNAX in climate change\u201d project with the sole criterion of including the overarching topic of climate change.<\/p>\n<p>Images were created that replace the worn-out depiction of the sad polar bear or the parched earth. Images that bring new insights and use the photographic means to document positive measures, attitudes and counter-movements: ecological life, biodiversity, sustainable fashion, melting glaciers, closeness to nature, CO2 emissions, globalized consumption, flying, city trees and plastic are the topics , which are implemented in the individual works. Talking about climate change is not only urgent, but should be the first priority of all governments, political institutions and big corporations. In 2019, Greta Thunberg declared in Davos: &#8220;Our house is on fire&#8230; I want you to panic.&#8221; Unfortunately, we share this opinion.<\/p>\n<p>Two years later, in November 2021, the COP26 closed with a sobering result. Private initiatives to reduce CO2 emissions, plastic and electricity consumption are efficient, but deceleration on a global scale is imperative. With &#8220;Und jetzt? \u2013 LUNAX im Klimawandel\u201d, the agency would like to contribute to raising people&#8217;s awareness and encourage them to change their behavior through the ability of photography to communicate.<\/p>\n<p><a href=\"http:\/\/lunax.ch\">lunax.ch<\/a><\/p>\n<h2><strong><br \/>\nProject overview<br \/>\n<\/strong><\/h2>\n<ul>\n<li class=\"x_MsoNormal\"><b class=\"\"><span class=\"\" lang=\"DE-CH\">Die Natur als Vorbild<\/span><\/b><span class=\"\" lang=\"DE-CH\">\u00a0\u00a0 Annette Boutellier<\/span><\/li>\n<li class=\"x_MsoNormal\"><b class=\"\"><span class=\"\" lang=\"DE-CH\">Autobahn<\/span><\/b><span class=\"\" lang=\"DE-CH\">\u00a0\u00a0 Benjamin Manser<\/span><\/li>\n<li class=\"x_MsoNormal\"><b class=\"\"><span class=\"\" lang=\"DE-CH\">Neu von gestern<\/span><\/b><span class=\"\" lang=\"DE-CH\">\u00a0\u00a0 Caroline Minjolle<\/span><\/li>\n<li class=\"x_MsoNormal\"><b class=\"\"><span class=\"\" lang=\"DE-CH\">Hochwertige Proteine aus Glarner Totholz senken die Rindfleischproduktion<\/span><\/b><span class=\"\" lang=\"DE-CH\">\u00a0\u00a0\u00a0\u00a0\u00a0 Fridolin Walcher<\/span><\/li>\n<li class=\"x_MsoNormal\"><b class=\"\"><span class=\"\" lang=\"DE-CH\">B\u00e4retswil <\/span><\/b><span class=\"\" lang=\"DE-CH\">\u00a0\u00a0Dominic Wenger<\/span><\/li>\n<li class=\"x_MsoNormal\"><b class=\"\"><span class=\"\" lang=\"DE-CH\">Wolkenfl\u00fcge und Klimasch\u00fcbe<\/span><\/b><span class=\"\" lang=\"DE-CH\">\u00a0\u00a0 Katja Schmidlin<\/span><\/li>\n<li class=\"x_MsoNormal\"><b class=\"\"><span class=\"\" lang=\"DE-CH\">Almeria &#8211; \u00dcberleben unter Plastik\u00a0\u00a0 <\/span><\/b><span class=\"\" lang=\"DE-CH\">Marco Zanoni<b class=\"\"><\/b><\/span><\/li>\n<li class=\"x_MsoNormal\"><b class=\"\"><span class=\"\" lang=\"DE-CH\">Stumme Diener\u00a0\u00a0 <\/span><\/b><span class=\"\" lang=\"DE-CH\">Marion Nitsch<b class=\"\"><\/b><\/span><\/li>\n<li class=\"x_MsoNormal\"><b class=\"\"><span class=\"\" lang=\"DE-CH\">Stadtb\u00e4ume<\/span><\/b><span class=\"\" lang=\"DE-CH\">\u00a0\u00a0 Patrick H\u00fcrlimann<\/span><\/li>\n<li class=\"x_MsoNormal\"><b class=\"\"><span class=\"\" lang=\"DE-CH\">Gr\u00fcnh\u00f6lzli &#8211; Zur\u00fcck zur Natur\u00a0\u00a0 <\/span><\/b><span class=\"\" lang=\"DE-CH\">Raisa Durandi<b class=\"\"><\/b><\/span><span class=\"\" lang=\"DE-CH\">\u00a0<\/span><\/li>\n<li class=\"x_MsoNormal\"><b class=\"\"><span class=\"\" lang=\"DE-CH\">Packen wir\u2019s an!\u00a0\u00a0 <\/span><\/b><span class=\"\" lang=\"DE-CH\">Sabina Bobst<b class=\"\"><\/b><\/span><\/li>\n<li class=\"x_MsoNormal\"><b class=\"\"><span class=\"\" lang=\"DE-CH\">Aletsch<\/span><\/b><span class=\"\" lang=\"DE-CH\">\u00a0 \u00a0Severin Bigler<\/span><\/li>\n<li><strong>East northeast 4 to 5 &#8211; occasionally 6 at first<\/strong>\u00a0 Daniel Desborough<\/li>\n<\/ul>\n[\/vc_column_text][\/vc_column_inner][\/vc_row_inner][\/vc_column][\/vc_row][vc_row type=&#8221;in_container&#8221; full_screen_row_position=&#8221;middle&#8221; column_margin=&#8221;default&#8221; column_direction=&#8221;default&#8221; column_direction_tablet=&#8221;default&#8221; column_direction_phone=&#8221;default&#8221; scene_position=&#8221;center&#8221; text_color=&#8221;dark&#8221; text_align=&#8221;left&#8221; row_border_radius=&#8221;none&#8221; row_border_radius_applies=&#8221;bg&#8221; overlay_strength=&#8221;0.3&#8243; gradient_direction=&#8221;left_to_right&#8221; shape_divider_position=&#8221;bottom&#8221; bg_image_animation=&#8221;none&#8221;][vc_column column_padding=&#8221;no-extra-padding&#8221; column_padding_tablet=&#8221;inherit&#8221; column_padding_phone=&#8221;inherit&#8221; column_padding_position=&#8221;all&#8221; column_element_spacing=&#8221;default&#8221; background_color_opacity=&#8221;1&#8243; background_hover_color_opacity=&#8221;1&#8243; column_shadow=&#8221;none&#8221; column_border_radius=&#8221;none&#8221; column_link_target=&#8221;_self&#8221; gradient_direction=&#8221;left_to_right&#8221; overlay_strength=&#8221;0.3&#8243; width=&#8221;1\/1&#8243; tablet_width_inherit=&#8221;default&#8221; tablet_text_alignment=&#8221;default&#8221; phone_text_alignment=&#8221;default&#8221; bg_image_animation=&#8221;none&#8221; border_type=&#8221;simple&#8221; column_border_width=&#8221;none&#8221; column_border_style=&#8221;solid&#8221;][divider line_type=&#8221;No Line&#8221; custom_height=&#8221;30&#8243;][\/vc_column][\/vc_row][vc_row type=&#8221;in_container&#8221; full_screen_row_position=&#8221;middle&#8221; column_margin=&#8221;default&#8221; column_direction=&#8221;default&#8221; column_direction_tablet=&#8221;default&#8221; column_direction_phone=&#8221;default&#8221; scene_position=&#8221;center&#8221; text_color=&#8221;dark&#8221; text_align=&#8221;left&#8221; row_border_radius=&#8221;none&#8221; row_border_radius_applies=&#8221;bg&#8221; overlay_strength=&#8221;0.3&#8243; gradient_direction=&#8221;left_to_right&#8221; shape_divider_position=&#8221;bottom&#8221; bg_image_animation=&#8221;none&#8221;][vc_column column_padding=&#8221;no-extra-padding&#8221; column_padding_tablet=&#8221;inherit&#8221; column_padding_phone=&#8221;inherit&#8221; column_padding_position=&#8221;all&#8221; column_element_spacing=&#8221;default&#8221; background_color_opacity=&#8221;1&#8243; background_hover_color_opacity=&#8221;1&#8243; column_shadow=&#8221;none&#8221; column_border_radius=&#8221;none&#8221; column_link_target=&#8221;_self&#8221; gradient_direction=&#8221;left_to_right&#8221; overlay_strength=&#8221;0.3&#8243; width=&#8221;1\/1&#8243; tablet_width_inherit=&#8221;default&#8221; tablet_text_alignment=&#8221;default&#8221; phone_text_alignment=&#8221;default&#8221; bg_image_animation=&#8221;none&#8221; border_type=&#8221;simple&#8221; column_border_width=&#8221;none&#8221; column_border_style=&#8221;solid&#8221;][vc_gallery type=&#8221;image_grid&#8221; images=&#8221;11616,11618,11620,11624,11626,11628,11653,11655,11657,11659,11661,11663,12169&#8243; image_grid_loading=&#8221;default&#8221; display_title_caption=&#8221;true&#8221; layout=&#8221;3&#8243; masonry_style=&#8221;true&#8221; bypass_image_cropping=&#8221;true&#8221; item_spacing=&#8221;default&#8221; gallery_style=&#8221;1&#8243; load_in_animation=&#8221;none&#8221; img_size=&#8221;full&#8221;][\/vc_column][\/vc_row][vc_row type=&#8221;in_container&#8221; full_screen_row_position=&#8221;middle&#8221; column_margin=&#8221;default&#8221; column_direction=&#8221;default&#8221; column_direction_tablet=&#8221;default&#8221; column_direction_phone=&#8221;default&#8221; scene_position=&#8221;center&#8221; text_color=&#8221;dark&#8221; text_align=&#8221;left&#8221; row_border_radius=&#8221;none&#8221; row_border_radius_applies=&#8221;bg&#8221; overlay_strength=&#8221;0.3&#8243; gradient_direction=&#8221;left_to_right&#8221; shape_divider_position=&#8221;bottom&#8221; bg_image_animation=&#8221;none&#8221;][vc_column column_padding=&#8221;no-extra-padding&#8221; column_padding_tablet=&#8221;inherit&#8221; column_padding_phone=&#8221;inherit&#8221; column_padding_position=&#8221;all&#8221; column_element_spacing=&#8221;default&#8221; background_color_opacity=&#8221;1&#8243; background_hover_color_opacity=&#8221;1&#8243; column_shadow=&#8221;none&#8221; column_border_radius=&#8221;none&#8221; column_link_target=&#8221;_self&#8221; gradient_direction=&#8221;left_to_right&#8221; overlay_strength=&#8221;0.3&#8243; width=&#8221;1\/1&#8243; tablet_width_inherit=&#8221;default&#8221; tablet_text_alignment=&#8221;default&#8221; phone_text_alignment=&#8221;default&#8221; bg_image_animation=&#8221;none&#8221; border_type=&#8221;simple&#8221; column_border_width=&#8221;none&#8221; column_border_style=&#8221;solid&#8221;][divider line_type=&#8221;Full Width Line&#8221; line_thickness=&#8221;1&#8243; divider_color=&#8221;default&#8221; custom_height=&#8221;30&#8243;][\/vc_column][\/vc_row][vc_row type=&#8221;in_container&#8221; full_screen_row_position=&#8221;middle&#8221; column_margin=&#8221;default&#8221; column_direction=&#8221;default&#8221; column_direction_tablet=&#8221;default&#8221; column_direction_phone=&#8221;default&#8221; scene_position=&#8221;center&#8221; text_color=&#8221;dark&#8221; text_align=&#8221;left&#8221; row_border_radius=&#8221;none&#8221; row_border_radius_applies=&#8221;bg&#8221; overlay_strength=&#8221;0.3&#8243; gradient_direction=&#8221;left_to_right&#8221; shape_divider_position=&#8221;bottom&#8221; bg_image_animation=&#8221;none&#8221;][vc_column column_padding=&#8221;no-extra-padding&#8221; column_padding_tablet=&#8221;inherit&#8221; column_padding_phone=&#8221;inherit&#8221; column_padding_position=&#8221;all&#8221; column_element_spacing=&#8221;default&#8221; background_color_opacity=&#8221;1&#8243; background_hover_color_opacity=&#8221;1&#8243; column_shadow=&#8221;none&#8221; column_border_radius=&#8221;none&#8221; column_link_target=&#8221;_self&#8221; gradient_direction=&#8221;left_to_right&#8221; overlay_strength=&#8221;0.3&#8243; width=&#8221;1\/1&#8243; tablet_width_inherit=&#8221;default&#8221; tablet_text_alignment=&#8221;default&#8221; phone_text_alignment=&#8221;default&#8221; bg_image_animation=&#8221;none&#8221; border_type=&#8221;simple&#8221; column_border_width=&#8221;none&#8221; column_border_style=&#8221;solid&#8221;][divider line_type=&#8221;No Line&#8221; custom_height=&#8221;30&#8243;][vc_column_text]\n<h4>Venue:<\/h4>\n<p><a href=\"https:\/\/www.stadtmuseum.ch\/\">Stadtmuseum Aarau<\/a>, Schlosspl. 23, 5000 Aarau[\/vc_column_text][divider line_type=&#8221;No Line&#8221; custom_height=&#8221;30&#8243;][nectar_gmap map_type=&#8221;google&#8221; zoom=&#8221;16&#8243; enable_zoom=&#8221;1&#8243; marker_style=&#8221;nectar&#8221; nectar_marker_color=&#8221;accent-color&#8221; marker_animation=&#8221;1&#8243; map_greyscale=&#8221;1&#8243; map_color=&#8221;#2b4496&#8243; map_center_lat=&#8221;47.394506693511765&#8243; map_center_lng=&#8221;8.045220213551717&#8243; map_markers=&#8221;47.394506693511765| 8.045220213551717&#8243; size=&#8221;500&#8243;][divider line_type=&#8221;No Line&#8221; custom_height=&#8221;100&#8243;][\/vc_column][\/vc_row]\n","protected":false},"excerpt":{"rendered":"<p>[vc_row type=&#8221;full_width_content&#8221; full_screen_row_position=&#8221;middle&#8221; column_margin=&#8221;default&#8221; column_direction=&#8221;default&#8221; column_direction_tablet=&#8221;default&#8221; column_direction_phone=&#8221;default&#8221; bg_image=&#8221;9267&#8243; bg_position=&#8221;center top&#8221; background_image_loading=&#8221;default&#8221; bg_repeat=&#8221;no-repeat&#8221; scene_position=&#8221;center&#8221; top_padding=&#8221;5%&#8221; text_color=&#8221;light&#8221; text_align=&#8221;left&#8221; row_border_radius=&#8221;none&#8221; row_border_radius_applies=&#8221;bg&#8221; disable_element=&#8221;yes&#8221; overlay_strength=&#8221;0.3&#8243; gradient_direction=&#8221;left_to_right&#8221; shape_divider_position=&#8221;bottom&#8221; bg_image_animation=&#8221;none&#8221; parallax_bg=&#8221;true&#8221; parallax_bg_speed=&#8221;fast&#8221; shape_type=&#8221;&#8221;][vc_column column_padding=&#8221;padding-7-percent&#8221; column_padding_tablet=&#8221;inherit&#8221; column_padding_phone=&#8221;inherit&#8221; column_padding_position=&#8221;all&#8221;&#8230;<\/p>\n","protected":false},"author":1,"featured_media":0,"parent":0,"menu_order":0,"comment_status":"closed","ping_status":"closed","template":"","meta":{"inline_featured_image":false},"_links":{"self":[{"href":"https:\/\/2022.fotofestivallenzburg.ch\/en\/wp-json\/wp\/v2\/pages\/11267"}],"collection":[{"href":"https:\/\/2022.fotofestivallenzburg.ch\/en\/wp-json\/wp\/v2\/pages"}],"about":[{"href":"https:\/\/2022.fotofestivallenzburg.ch\/en\/wp-json\/wp\/v2\/types\/page"}],"author":[{"embeddable":true,"href":"https:\/\/2022.fotofestivallenzburg.ch\/en\/wp-json\/wp\/v2\/users\/1"}],"replies":[{"embeddable":true,"href":"https:\/\/2022.fotofestivallenzburg.ch\/en\/wp-json\/wp\/v2\/comments?post=11267"}],"version-history":[{"count":16,"href":"https:\/\/2022.fotofestivallenzburg.ch\/en\/wp-json\/wp\/v2\/pages\/11267\/revisions"}],"predecessor-version":[{"id":12418,"href":"https:\/\/2022.fotofestivallenzburg.ch\/en\/wp-json\/wp\/v2\/pages\/11267\/revisions\/12418"}],"wp:attachment":[{"href":"https:\/\/2022.fotofestivallenzburg.ch\/en\/wp-json\/wp\/v2\/media?parent=11267"}],"curies":[{"name":"wp","href":"https:\/\/api.w.org\/{rel}","templated":true}]}}